{"id":211,"date":"2015-04-01T15:31:47","date_gmt":"2015-04-01T13:31:47","guid":{"rendered":"http:\/\/www.ing-dannenberg.de\/wp-dannenberg_2015a\/?page_id=211"},"modified":"2021-12-14T14:59:37","modified_gmt":"2021-12-14T13:59:37","slug":"impressum","status":"publish","type":"page","link":"https:\/\/www.ing-dannenberg.de\/en\/kontakt\/impressum\/","title":{"rendered":"Publication details"},"content":{"rendered":"<div class=\"su-table su-table-alternate\">\n<table>\n<tbody>\n<tr>\n<td><strong>Publisher:<\/strong><\/td>\n<td><strong>Ingenieurb\u00fcro Dannenberg GmbH &amp; Co. KG<\/strong><br \/>\nFriedrich-Ebert-Strasse 38<br \/>\n47226 Duisburg (Rheinhausen)<br \/>\nTelefon: 02065 30 66 \u2013 0<br \/>\nTelefax: 02065 30 66 \u2013 50<br \/>\nE-Mail: <a href=\"mailto:bauen@ing-dannenberg.de\">bauen[at]ing-dannenberg.de<br \/>\n<\/a><a href=\"http:\/\/www.ing-dannenberg.de\" target=\"_blank\" rel=\"noopener\">www.ing-dannenberg.de<\/a><br \/>\nLimited partnership based\u00a0in Duisburg<br \/>\nDistrict court\u00a0Duisburg, HRA 10923<br \/>\nGeneral partner: Hendrik Dannenberg Verwaltungs-GmbH<br \/>\nFriedrich-Ebert-Stra\u00dfe 38, 47226 Duisburg<br \/>\nDistrict court\u00a0Duisburg, HRB 22825<br \/>\nManaging director: Dipl.-Ing. Hendrik Dannenberg<\/td>\n<\/tr>\n<tr>\n<td><strong>Editorial:<\/strong><\/td>\n<td><strong>Dipl.-Ing. Hendrik Dannenberg und Heike Dannenberg<\/strong><\/td>\n<\/tr>\n<tr>\n<td><strong>Indication:<\/strong><\/td>\n<td>The digitization of data can occur errors. Using different browsers for the WorldWide Web and different software settings may occur discrepancies in the presentation of the data.The original material, on which the informations are based,can be requested from the publisher. These pages and the links located on it were created in good faith and in an effort to ensure the accuracy and timeliness. However, all the information and links are only intended for general information and does not constitute business, legal or other advisory service. They take place without engagement and hereby disclaim any liability.<\/p>\n<p>The legal bases,which published on the editor\u2019s Internet, have been carefully compiled, but make no claim of timeliness, accuracy or completeness, a corresponding liability is accepted.<\/p>\n<p>\u201eWir sind zur Beilegung von Streitigkeiten mit Verbrauchern \u00fcber zur Teilnahme an einem Streitbeilegungsverfahren vor einer Verbraucherschlichtungsstelle bereit.<br \/>\nDie zust\u00e4ndige Verbraucherschlichtungsstelle ist: Ingenieurkammer-Bau Nordrhein-Westfalen, Zollhof 2, 40221 D\u00fcsseldorf, Tel 0211\/13067-0, www.ikbaunrw.de.<br \/>\nZur Beilegung der genannten Streitigkeiten werden wir in einem Streitbeilegungsverfahren vor dieser Stelle teilnehmen.\u201c<\/p>\n<p>Allgemeine Verbraucherschlichtungsstelle (Universalschlichtungsstelle) des Zentrums f\u00fcr Schlichtung e.V., Stra\u00dfburger Stra\u00dfe 8, 77694 Kehl am Rhein (www.verbraucher-schlichter.de)<\/td>\n<\/tr>\n<\/tbody>\n<\/table>\n<\/div>","protected":false},"excerpt":{"rendered":"","protected":false},"author":1,"featured_media":0,"parent":41,"menu_order":3,"comment_status":"closed","ping_status":"closed","template":"","meta":{"footnotes":""},"class_list":["post-211","page","type-page","status-publish","hentry"],"_links":{"self":[{"href":"https:\/\/www.ing-dannenberg.de\/en\/wp-json\/wp\/v2\/pages\/211","targetHints":{"allow":["GET"]}}],"collection":[{"href":"https:\/\/www.ing-dannenberg.de\/en\/wp-json\/wp\/v2\/pages"}],"about":[{"href":"https:\/\/www.ing-dannenberg.de\/en\/wp-json\/wp\/v2\/types\/page"}],"author":[{"embeddable":true,"href":"https:\/\/www.ing-dannenberg.de\/en\/wp-json\/wp\/v2\/users\/1"}],"replies":[{"embeddable":true,"href":"https:\/\/www.ing-dannenberg.de\/en\/wp-json\/wp\/v2\/comments?post=211"}],"version-history":[{"count":29,"href":"https:\/\/www.ing-dannenberg.de\/en\/wp-json\/wp\/v2\/pages\/211\/revisions"}],"predecessor-version":[{"id":24269,"href":"https:\/\/www.ing-dannenberg.de\/en\/wp-json\/wp\/v2\/pages\/211\/revisions\/24269"}],"up":[{"embeddable":true,"href":"https:\/\/www.ing-dannenberg.de\/en\/wp-json\/wp\/v2\/pages\/41"}],"wp:attachment":[{"href":"https:\/\/www.ing-dannenberg.de\/en\/wp-json\/wp\/v2\/media?parent=211"}],"curies":[{"name":"wp","href":"https:\/\/api.w.org\/{rel}","templated":true}]}}